{"id":12765,"date":"2021-06-10T14:08:31","date_gmt":"2021-06-10T14:08:31","guid":{"rendered":"https:\/\/www.amialaplata.org.ar\/?page_id=12765"},"modified":"2022-11-02T23:06:08","modified_gmt":"2022-11-02T23:06:08","slug":"daia","status":"publish","type":"page","link":"https:\/\/www.amialaplata.org.ar\/?page_id=12765","title":{"rendered":"DAIA"},"content":{"rendered":"\t\t<div data-elementor-type=\"wp-page\" data-elementor-id=\"12765\" class=\"elementor elementor-12765\">\n\t\t\t\t\t\t<section class=\"elementor-section elementor-top-section elementor-element elementor-element-4c1e717 elementor-section-content-middle elementor-section-boxed elementor-section-height-default elementor-section-height-default\" data-id=\"4c1e717\" data-element_type=\"section\" data-e-type=\"section\" data-settings=\"{&quot;background_background&quot;:&quot;classic&quot;}\">\n\t\t\t\t\t\t<div class=\"elementor-container elementor-column-gap-no\">\n\t\t\t\t\t<div class=\"elementor-column elementor-col-100 elementor-top-column elementor-element elementor-element-8f4e615\" data-id=\"8f4e615\" data-element_type=\"column\" data-e-type=\"column\">\n\t\t\t<div class=\"elementor-widget-wrap elementor-element-populated\">\n\t\t\t\t\t\t<div class=\"elementor-element elementor-element-7742676 elementor-widget elementor-widget-heading\" data-id=\"7742676\" data-element_type=\"widget\" data-e-type=\"widget\" data-widget_type=\"heading.default\">\n\t\t\t\t<div class=\"elementor-widget-container\">\n\t\t\t\t\t<h2 class=\"elementor-heading-title elementor-size-default\">DAIA<\/h2>\t\t\t\t<\/div>\n\t\t\t\t<\/div>\n\t\t\t\t<div class=\"elementor-element elementor-element-dd9fe44 elementor-widget elementor-widget-heading\" data-id=\"dd9fe44\" data-element_type=\"widget\" data-e-type=\"widget\" data-widget_type=\"heading.default\">\n\t\t\t\t<div class=\"elementor-widget-container\">\n\t\t\t\t\t<h5 class=\"elementor-heading-title elementor-size-default\">Delegaci\u00f3n de Asociaciones Israelitas Argentinas<\/h5>\t\t\t\t<\/div>\n\t\t\t\t<\/div>\n\t\t\t\t\t<\/div>\n\t\t<\/div>\n\t\t\t\t\t<\/div>\n\t\t<\/section>\n\t\t\t\t<section class=\"elementor-section elementor-top-section elementor-element elementor-element-34349af elementor-section-content-middle elementor-section-boxed elementor-section-height-default elementor-section-height-default\" data-id=\"34349af\" data-element_type=\"section\" data-e-type=\"section\" data-settings=\"{&quot;background_background&quot;:&quot;classic&quot;}\">\n\t\t\t\t\t\t<div class=\"elementor-container elementor-column-gap-no\">\n\t\t\t\t\t<div class=\"elementor-column elementor-col-100 elementor-top-column elementor-element elementor-element-d3d49af\" data-id=\"d3d49af\" data-element_type=\"column\" data-e-type=\"column\">\n\t\t\t<div class=\"elementor-widget-wrap\">\n\t\t\t\t\t\t\t<\/div>\n\t\t<\/div>\n\t\t\t\t\t<\/div>\n\t\t<\/section>\n\t\t\t\t<section class=\"elementor-section elementor-top-section elementor-element elementor-element-4d2ba4f8 elementor-section-content-middle elementor-section-boxed elementor-section-height-default elementor-section-height-default\" data-id=\"4d2ba4f8\" data-element_type=\"section\" data-e-type=\"section\" data-settings=\"{&quot;background_background&quot;:&quot;classic&quot;}\">\n\t\t\t\t\t\t<div class=\"elementor-container elementor-column-gap-no\">\n\t\t\t\t\t<div class=\"elementor-column elementor-col-100 elementor-top-column elementor-element elementor-element-548ac16c\" data-id=\"548ac16c\" data-element_type=\"column\" data-e-type=\"column\">\n\t\t\t<div class=\"elementor-widget-wrap elementor-element-populated\">\n\t\t\t\t\t\t<div class=\"elementor-element elementor-element-13f811e1 elementor-widget elementor-widget-text-editor\" data-id=\"13f811e1\" data-element_type=\"widget\" data-e-type=\"widget\" data-widget_type=\"text-editor.default\">\n\t\t\t\t<div class=\"elementor-widget-container\">\n\t\t\t\t\t\t\t\t\t<p>La Delegaci\u00f3n de Asociaciones Israelitas Argentinas (<span style=\"font-weight: bold;\">DAIA<\/span>) La Plata, es una de las 24 filiales que esta ONG, con m\u00e1s de 100 instituciones jud\u00edas afiliadas, tiene a lo largo y ancho de la Argentina.<strong><br \/><\/strong><\/p><p><strong>DAIA La Plata<\/strong> comparte Comisi\u00f3n Directiva con AMIA La Plata.<\/p><p>La <strong>DAIA<\/strong> tiene como misi\u00f3n luchar contra la discriminaci\u00f3n, el racismo, la xenofobia y el antisemitismo, fomentar las conversaciones interreligiosas y el entendimiento, en un marco de equilibrio entre todos los ciudadanos y de respeto a las diferencias.<\/p><p>La <strong>DAIA<\/strong> representa a la Comunidad jud\u00eda en actos oficiales y mantiene contactos con las autoridades.<\/p><p>La <strong>DAIA<\/strong> se encuentra afiliada al Congreso Jud\u00edo Mundial, que es la federaci\u00f3n internacional que nuclea y representa a las comunidades y organizaciones jud\u00edas del mundo.<\/p><p>La <strong>DAIA<\/strong> tambi\u00e9n se encuentra afiliada al Congreso Jud\u00edo Latinoamericano, que es el organismo regional que nuclea a las comunidades jud\u00edas del continente latinoamericano y sostiene en la regi\u00f3n los mismos principios que sustenta y defiende el Congreso Jud\u00edo Mundial.<\/p>\t\t\t\t\t\t\t\t<\/div>\n\t\t\t\t<\/div>\n\t\t\t\t\t<\/div>\n\t\t<\/div>\n\t\t\t\t\t<\/div>\n\t\t<\/section>\n\t\t\t\t<\/div>\n\t\t","protected":false},"excerpt":{"rendered":"<p>DAIA Delegaci\u00f3n de Asociaciones Israelitas Argentinas La Delegaci\u00f3n de Asociaciones Israelitas Argentinas (DAIA) La Plata, es una de las 24 filiales que esta ONG, con m\u00e1s de 100 instituciones jud\u00edas afiliadas, tiene a lo largo y ancho de la Argentina. DAIA La Plata comparte Comisi\u00f3n Directiva con AMIA La Plata. La DAIA tiene como misi\u00f3n [&hellip;]<\/p>\n","protected":false},"author":1,"featured_media":0,"parent":0,"menu_order":0,"comment_status":"closed","ping_status":"closed","template":"","meta":{"site-sidebar-layout":"no-sidebar","site-content-layout":"page-builder","ast-site-content-layout":"default","site-content-style":"default","site-sidebar-style":"default","ast-global-header-display":"","ast-banner-title-visibility":"","ast-main-header-display":"","ast-hfb-above-header-display":"","ast-hfb-below-header-display":"","ast-hfb-mobile-header-display":"","site-post-title":"disabled","ast-breadcrumbs-content":"","ast-featured-img":"disabled","footer-sml-layout":"","ast-disable-related-posts":"","theme-transparent-header-meta":"default","adv-header-id-meta":"","stick-header-meta":"","header-above-stick-meta":"","header-main-stick-meta":"","header-below-stick-meta":"","astra-migrate-meta-layouts":"default","ast-page-background-enabled":"default","ast-page-background-meta":{"desktop":{"background-color":"","background-image":"","background-repeat":"repeat","background-position":"center center","background-size":"auto","background-attachment":"scroll","background-type":"","background-media":"","overlay-type":"","overlay-color":"","overlay-opacity":"","overlay-gradient":""},"tablet":{"background-color":"","background-image":"","background-repeat":"repeat","background-position":"center center","background-size":"auto","background-attachment":"scroll","background-type":"","background-media":"","overlay-type":"","overlay-color":"","overlay-opacity":"","overlay-gradient":""},"mobile":{"background-color":"","background-image":"","background-repeat":"repeat","background-position":"center center","background-size":"auto","background-attachment":"scroll","background-type":"","background-media":"","overlay-type":"","overlay-color":"","overlay-opacity":"","overlay-gradient":""}},"ast-content-background-meta":{"desktop":{"background-color":"var(--ast-global-color-5)","background-image":"","background-repeat":"repeat","background-position":"center center","background-size":"auto","background-attachment":"scroll","background-type":"","background-media":"","overlay-type":"","overlay-color":"","overlay-opacity":"","overlay-gradient":""},"tablet":{"background-color":"var(--ast-global-color-5)","background-image":"","background-repeat":"repeat","background-position":"center center","background-size":"auto","background-attachment":"scroll","background-type":"","background-media":"","overlay-type":"","overlay-color":"","overlay-opacity":"","overlay-gradient":""},"mobile":{"background-color":"var(--ast-global-color-5)","background-image":"","background-repeat":"repeat","background-position":"center center","background-size":"auto","background-attachment":"scroll","background-type":"","background-media":"","overlay-type":"","overlay-color":"","overlay-opacity":"","overlay-gradient":""}},"footnotes":""},"class_list":["post-12765","page","type-page","status-publish","hentry"],"_links":{"self":[{"href":"https:\/\/www.amialaplata.org.ar\/index.php?rest_route=\/wp\/v2\/pages\/12765","targetHints":{"allow":["GET"]}}],"collection":[{"href":"https:\/\/www.amialaplata.org.ar\/index.php?rest_route=\/wp\/v2\/pages"}],"about":[{"href":"https:\/\/www.amialaplata.org.ar\/index.php?rest_route=\/wp\/v2\/types\/page"}],"author":[{"embeddable":true,"href":"https:\/\/www.amialaplata.org.ar\/index.php?rest_route=\/wp\/v2\/users\/1"}],"replies":[{"embeddable":true,"href":"https:\/\/www.amialaplata.org.ar\/index.php?rest_route=%2Fwp%2Fv2%2Fcomments&post=12765"}],"version-history":[{"count":0,"href":"https:\/\/www.amialaplata.org.ar\/index.php?rest_route=\/wp\/v2\/pages\/12765\/revisions"}],"wp:attachment":[{"href":"https:\/\/www.amialaplata.org.ar\/index.php?rest_route=%2Fwp%2Fv2%2Fmedia&parent=12765"}],"curies":[{"name":"wp","href":"https:\/\/api.w.org\/{rel}","templated":true}]}}