{"id":12763,"date":"2021-06-10T14:07:44","date_gmt":"2021-06-10T14:07:44","guid":{"rendered":"https:\/\/www.amialaplata.org.ar\/?page_id=12763"},"modified":"2022-11-02T23:08:21","modified_gmt":"2022-11-02T23:08:21","slug":"historia","status":"publish","type":"page","link":"https:\/\/www.amialaplata.org.ar\/?page_id=12763","title":{"rendered":"Historia"},"content":{"rendered":"\t\t<div data-elementor-type=\"wp-page\" data-elementor-id=\"12763\" class=\"elementor elementor-12763\">\n\t\t\t\t\t\t<section class=\"elementor-section elementor-top-section elementor-element elementor-element-35ccc82 elementor-section-content-middle elementor-section-boxed elementor-section-height-default elementor-section-height-default\" data-id=\"35ccc82\" data-element_type=\"section\" data-e-type=\"section\" data-settings=\"{&quot;background_background&quot;:&quot;classic&quot;}\">\n\t\t\t\t\t\t<div class=\"elementor-container elementor-column-gap-no\">\n\t\t\t\t\t<div class=\"elementor-column elementor-col-100 elementor-top-column elementor-element elementor-element-833bac9\" data-id=\"833bac9\" data-element_type=\"column\" data-e-type=\"column\">\n\t\t\t<div class=\"elementor-widget-wrap elementor-element-populated\">\n\t\t\t\t\t\t<div class=\"elementor-element elementor-element-02939b6 elementor-widget elementor-widget-heading\" data-id=\"02939b6\" data-element_type=\"widget\" data-e-type=\"widget\" data-widget_type=\"heading.default\">\n\t\t\t\t<div class=\"elementor-widget-container\">\n\t\t\t\t\t<h2 class=\"elementor-heading-title elementor-size-default\">AMIA<\/h2>\t\t\t\t<\/div>\n\t\t\t\t<\/div>\n\t\t\t\t<div class=\"elementor-element elementor-element-4bf0619 elementor-widget elementor-widget-heading\" data-id=\"4bf0619\" data-element_type=\"widget\" data-e-type=\"widget\" data-widget_type=\"heading.default\">\n\t\t\t\t<div class=\"elementor-widget-container\">\n\t\t\t\t\t<h5 class=\"elementor-heading-title elementor-size-default\">Historia<\/h5>\t\t\t\t<\/div>\n\t\t\t\t<\/div>\n\t\t\t\t\t<\/div>\n\t\t<\/div>\n\t\t\t\t\t<\/div>\n\t\t<\/section>\n\t\t\t\t<section class=\"elementor-section elementor-top-section elementor-element elementor-element-fd933b2 elementor-section-content-middle elementor-section-boxed elementor-section-height-default elementor-section-height-default\" data-id=\"fd933b2\" data-element_type=\"section\" data-e-type=\"section\" data-settings=\"{&quot;background_background&quot;:&quot;classic&quot;}\">\n\t\t\t\t\t\t<div class=\"elementor-container elementor-column-gap-no\">\n\t\t\t\t\t<div class=\"elementor-column elementor-col-100 elementor-top-column elementor-element elementor-element-f14470a\" data-id=\"f14470a\" data-element_type=\"column\" data-e-type=\"column\">\n\t\t\t<div class=\"elementor-widget-wrap\">\n\t\t\t\t\t\t\t<\/div>\n\t\t<\/div>\n\t\t\t\t\t<\/div>\n\t\t<\/section>\n\t\t\t\t<section class=\"elementor-section elementor-top-section elementor-element elementor-element-58ee54a1 elementor-section-content-middle elementor-section-boxed elementor-section-height-default elementor-section-height-default\" data-id=\"58ee54a1\" data-element_type=\"section\" data-e-type=\"section\" data-settings=\"{&quot;background_background&quot;:&quot;classic&quot;}\">\n\t\t\t\t\t\t<div class=\"elementor-container elementor-column-gap-no\">\n\t\t\t\t\t<div class=\"elementor-column elementor-col-100 elementor-top-column elementor-element elementor-element-39d6a22e\" data-id=\"39d6a22e\" data-element_type=\"column\" data-e-type=\"column\">\n\t\t\t<div class=\"elementor-widget-wrap elementor-element-populated\">\n\t\t\t\t\t\t<div class=\"elementor-element elementor-element-6350cad7 elementor-widget elementor-widget-heading\" data-id=\"6350cad7\" data-element_type=\"widget\" data-e-type=\"widget\" data-widget_type=\"heading.default\">\n\t\t\t\t<div class=\"elementor-widget-container\">\n\t\t\t\t\t<h4 class=\"elementor-heading-title elementor-size-default\">Nuestra historia comienza a escribirse el 7 de julio de 1907... <\/h4>\t\t\t\t<\/div>\n\t\t\t\t<\/div>\n\t\t\t\t<div class=\"elementor-element elementor-element-6835073e elementor-widget elementor-widget-text-editor\" data-id=\"6835073e\" data-element_type=\"widget\" data-e-type=\"widget\" data-widget_type=\"text-editor.default\">\n\t\t\t\t<div class=\"elementor-widget-container\">\n\t\t\t\t\t\t\t\t\t<p>Cuando se realiz\u00f3 la primera asamblea en la casa del Sr. Eliezer Raijman con la finalidad de crear una agrupaci\u00f3n de ayuda social <strong>para m\u00e1s de 40 familias que ya estaban establecidas en nuestra ciudad.<\/strong><\/p><p>Es as\u00ed que se funda la Sociedad de Socorros Mutuos \u201cEZRA\u201d de La Plata con el objetivo de ayudar material y moralmente a los necesitados.<\/p><p>Durante la segunda reuni\u00f3n se consensuaron los fines de la nueva instituci\u00f3n: \u201cesta ser\u00e1 de Socorros Mutuos, buscar\u00e1 trabajo u ocupaci\u00f3n a sus asociados, y fundar\u00e1 una biblioteca y una escuela nocturna para adultos\u201d.<\/p>\t\t\t\t\t\t\t\t<\/div>\n\t\t\t\t<\/div>\n\t\t\t\t\t<\/div>\n\t\t<\/div>\n\t\t\t\t\t<\/div>\n\t\t<\/section>\n\t\t\t\t<section class=\"elementor-section elementor-top-section elementor-element elementor-element-500b79b0 elementor-section-content-middle elementor-section-boxed elementor-section-height-default elementor-section-height-default\" data-id=\"500b79b0\" data-element_type=\"section\" data-e-type=\"section\" data-settings=\"{&quot;background_background&quot;:&quot;classic&quot;}\">\n\t\t\t\t\t\t<div class=\"elementor-container elementor-column-gap-no\">\n\t\t\t\t\t<div class=\"elementor-column elementor-col-100 elementor-top-column elementor-element elementor-element-5cc30512\" data-id=\"5cc30512\" data-element_type=\"column\" data-e-type=\"column\">\n\t\t\t<div class=\"elementor-widget-wrap elementor-element-populated\">\n\t\t\t\t\t\t<div class=\"elementor-element elementor-element-70fb102a elementor-widget elementor-widget-text-editor\" data-id=\"70fb102a\" data-element_type=\"widget\" data-e-type=\"widget\" data-widget_type=\"text-editor.default\">\n\t\t\t\t<div class=\"elementor-widget-container\">\n\t\t\t\t\t\t\t\t\t<p>Posteriormente, el 20 de julio de 1907 se aprob\u00f3 el estatuto de la instituci\u00f3n. En el art\u00edculo 3\u00b0 se indic\u00f3 que \u201cEn esta Sociedad pueden entrar todos los Israelitas sin distinci\u00f3n de sexo, ni edad, que simpaticen con los fines que persigue la sociedad\u201d. El art\u00edculo 4\u00b0 agrega \u201cEn la sociedad no hay clases ni divisiones sociales y todos los socios tienen los mismos derechos y los mismos deberes\u201d. Designando tras una votaci\u00f3n a <strong>Manuel Klat o Klot<\/strong> como presidente de la Sociedad.<\/p><p>El 11 de agosto de ese mismo a\u00f1o se invit\u00f3 a las se\u00f1oras de los asociados a integrarse para desarrollar tareas de inter\u00e9s femenino, nombr\u00e1ndose presidenta a Mar\u00eda de Debenedetti.<\/p><p>El primer inmueble que tuvimos para utilizarlo como Sinagoga y realizar actividades comunitarias fue alquilado en calle 4 N\u00b0 1124 \u00bd. Para octubre de 1907 la asociaci\u00f3n contaba con un total de 76 socios, de las cuales 19 eran mujeres. En noviembre comenz\u00f3 a funcionar la Escuela en la que se ense\u00f1aba lectura y escritura del idioma hebreo.<\/p>\t\t\t\t\t\t\t\t<\/div>\n\t\t\t\t<\/div>\n\t\t\t\t\t<\/div>\n\t\t<\/div>\n\t\t\t\t\t<\/div>\n\t\t<\/section>\n\t\t\t\t<section class=\"elementor-section elementor-top-section elementor-element elementor-element-2887fe0 elementor-section-content-middle elementor-section-boxed elementor-section-height-default elementor-section-height-default\" data-id=\"2887fe0\" data-element_type=\"section\" data-e-type=\"section\" data-settings=\"{&quot;background_background&quot;:&quot;classic&quot;}\">\n\t\t\t\t\t\t<div class=\"elementor-container elementor-column-gap-no\">\n\t\t\t\t\t<div class=\"elementor-column elementor-col-100 elementor-top-column elementor-element elementor-element-035486d\" data-id=\"035486d\" data-element_type=\"column\" data-e-type=\"column\">\n\t\t\t<div class=\"elementor-widget-wrap elementor-element-populated\">\n\t\t\t\t\t\t<div class=\"elementor-element elementor-element-f3a568d elementor-widget elementor-widget-text-editor\" data-id=\"f3a568d\" data-element_type=\"widget\" data-e-type=\"widget\" data-widget_type=\"text-editor.default\">\n\t\t\t\t<div class=\"elementor-widget-container\">\n\t\t\t\t\t\t\t\t\t<p>Durante la asamblea N\u00b0 18 realizada el 30 de agosto de 1908 se decidi\u00f3 modificar el nombre de la instituci\u00f3n que pas\u00f3 a denominarse \u201cUni\u00f3n Israelita Ezra\u201d.<\/p><p>En 1909 la sociedad alquil\u00f3 un nuevo local ubicado en calle 48 N\u00b0 812 y all\u00ed comenz\u00f3 a desarrollar sus actividades. Ese mismo a\u00f1o la Comisi\u00f3n Directiva logr\u00f3 que la instituci\u00f3n sea reconocida jur\u00eddicamente tras una ardua tarea. Asimismo, parte de los socios conformaron una cooperativa bancaria.<\/p><p>En el a\u00f1o 1910 la Ezra les brinda a sus socios la posibilidad de tener asistencia m\u00e9dica por una m\u00ednima cuota y recibir medicinas gratuitas, motivo por el cual se acercaron nuevos socios.<\/p>\t\t\t\t\t\t\t\t<\/div>\n\t\t\t\t<\/div>\n\t\t\t\t\t<\/div>\n\t\t<\/div>\n\t\t\t\t\t<\/div>\n\t\t<\/section>\n\t\t\t\t<section class=\"elementor-section elementor-top-section elementor-element elementor-element-3c916f3 elementor-section-content-middle elementor-section-boxed elementor-section-height-default elementor-section-height-default\" data-id=\"3c916f3\" data-element_type=\"section\" data-e-type=\"section\" data-settings=\"{&quot;background_background&quot;:&quot;classic&quot;}\">\n\t\t\t\t\t\t<div class=\"elementor-container elementor-column-gap-no\">\n\t\t\t\t\t<div class=\"elementor-column elementor-col-100 elementor-top-column elementor-element elementor-element-a26ab4d\" data-id=\"a26ab4d\" data-element_type=\"column\" data-e-type=\"column\">\n\t\t\t<div class=\"elementor-widget-wrap elementor-element-populated\">\n\t\t\t\t\t\t<div class=\"elementor-element elementor-element-889a68c elementor-widget elementor-widget-text-editor\" data-id=\"889a68c\" data-element_type=\"widget\" data-e-type=\"widget\" data-widget_type=\"text-editor.default\">\n\t\t\t\t<div class=\"elementor-widget-container\">\n\t\t\t\t\t\t\t\t\t<p>El 30 de junio de 1912, se abre el primer talmud toire (talmud tor\u00e1) escuela de ense\u00f1anza religiosa para ni\u00f1os, con el Sr. Yacov Gleizer como maestro. Tras una gran crisis econ\u00f3mica los activistas de la EZRA lograron que el Talmud Toire se independizara de la entidad subsidiaria.<\/p><p>La b\u00fasqueda de un grupo de oraci\u00f3n y un predio para lograr un cementerio jud\u00edo, se vio concretado el 12 de abril de 1913, cuando la Municipalidad de La Plata entreg\u00f3 gratuitamente a la EZRA hect\u00e1reas para dicho fin.<\/p><p>El 15 de junio de 1924 se festej\u00f3 la inauguraci\u00f3n de la sede propia.<\/p><p>El 17 de Octubre de 1961, la Instituci\u00f3n tom\u00f3 el nombre con el cual es conocida hasta el d\u00eda de hoy: \u201cAsociaci\u00f3n Mutual Israelita Argentina (<strong>AMIA<\/strong>)\u201d.<\/p>\t\t\t\t\t\t\t\t<\/div>\n\t\t\t\t<\/div>\n\t\t\t\t\t<\/div>\n\t\t<\/div>\n\t\t\t\t\t<\/div>\n\t\t<\/section>\n\t\t\t\t<\/div>\n\t\t","protected":false},"excerpt":{"rendered":"<p>AMIA Historia Nuestra historia comienza a escribirse el 7 de julio de 1907&#8230; Cuando se realiz\u00f3 la primera asamblea en la casa del Sr. Eliezer Raijman con la finalidad de crear una agrupaci\u00f3n de ayuda social para m\u00e1s de 40 familias que ya estaban establecidas en nuestra ciudad. Es as\u00ed que se funda la Sociedad [&hellip;]<\/p>\n","protected":false},"author":1,"featured_media":0,"parent":0,"menu_order":0,"comment_status":"closed","ping_status":"closed","template":"","meta":{"site-sidebar-layout":"no-sidebar","site-content-layout":"page-builder","ast-site-content-layout":"default","site-content-style":"default","site-sidebar-style":"default","ast-global-header-display":"","ast-banner-title-visibility":"","ast-main-header-display":"","ast-hfb-above-header-display":"","ast-hfb-below-header-display":"","ast-hfb-mobile-header-display":"","site-post-title":"disabled","ast-breadcrumbs-content":"","ast-featured-img":"disabled","footer-sml-layout":"","ast-disable-related-posts":"","theme-transparent-header-meta":"default","adv-header-id-meta":"","stick-header-meta":"","header-above-stick-meta":"","header-main-stick-meta":"","header-below-stick-meta":"","astra-migrate-meta-layouts":"default","ast-page-background-enabled":"default","ast-page-background-meta":{"desktop":{"background-color":"","background-image":"","background-repeat":"repeat","background-position":"center center","background-size":"auto","background-attachment":"scroll","background-type":"","background-media":"","overlay-type":"","overlay-color":"","overlay-opacity":"","overlay-gradient":""},"tablet":{"background-color":"","background-image":"","background-repeat":"repeat","background-position":"center center","background-size":"auto","background-attachment":"scroll","background-type":"","background-media":"","overlay-type":"","overlay-color":"","overlay-opacity":"","overlay-gradient":""},"mobile":{"background-color":"","background-image":"","background-repeat":"repeat","background-position":"center center","background-size":"auto","background-attachment":"scroll","background-type":"","background-media":"","overlay-type":"","overlay-color":"","overlay-opacity":"","overlay-gradient":""}},"ast-content-background-meta":{"desktop":{"background-color":"var(--ast-global-color-5)","background-image":"","background-repeat":"repeat","background-position":"center center","background-size":"auto","background-attachment":"scroll","background-type":"","background-media":"","overlay-type":"","overlay-color":"","overlay-opacity":"","overlay-gradient":""},"tablet":{"background-color":"var(--ast-global-color-5)","background-image":"","background-repeat":"repeat","background-position":"center center","background-size":"auto","background-attachment":"scroll","background-type":"","background-media":"","overlay-type":"","overlay-color":"","overlay-opacity":"","overlay-gradient":""},"mobile":{"background-color":"var(--ast-global-color-5)","background-image":"","background-repeat":"repeat","background-position":"center center","background-size":"auto","background-attachment":"scroll","background-type":"","background-media":"","overlay-type":"","overlay-color":"","overlay-opacity":"","overlay-gradient":""}},"footnotes":""},"class_list":["post-12763","page","type-page","status-publish","hentry"],"_links":{"self":[{"href":"https:\/\/www.amialaplata.org.ar\/index.php?rest_route=\/wp\/v2\/pages\/12763","targetHints":{"allow":["GET"]}}],"collection":[{"href":"https:\/\/www.amialaplata.org.ar\/index.php?rest_route=\/wp\/v2\/pages"}],"about":[{"href":"https:\/\/www.amialaplata.org.ar\/index.php?rest_route=\/wp\/v2\/types\/page"}],"author":[{"embeddable":true,"href":"https:\/\/www.amialaplata.org.ar\/index.php?rest_route=\/wp\/v2\/users\/1"}],"replies":[{"embeddable":true,"href":"https:\/\/www.amialaplata.org.ar\/index.php?rest_route=%2Fwp%2Fv2%2Fcomments&post=12763"}],"version-history":[{"count":0,"href":"https:\/\/www.amialaplata.org.ar\/index.php?rest_route=\/wp\/v2\/pages\/12763\/revisions"}],"wp:attachment":[{"href":"https:\/\/www.amialaplata.org.ar\/index.php?rest_route=%2Fwp%2Fv2%2Fmedia&parent=12763"}],"curies":[{"name":"wp","href":"https:\/\/api.w.org\/{rel}","templated":true}]}}